{"id":11,"date":"2023-12-28T21:50:25","date_gmt":"2023-12-28T21:50:25","guid":{"rendered":"https:\/\/altereco.org.pl\/?page_id=11"},"modified":"2023-12-29T16:14:21","modified_gmt":"2023-12-29T16:14:21","slug":"informacje","status":"publish","type":"page","link":"https:\/\/altereco.org.pl\/?page_id=11","title":{"rendered":"Oferta"},"content":{"rendered":"\n<p>Wykonujemy:<\/p>\n\n\n\n<ul>\n<li>inwentaryzacje i ekspertyzy przyrodnicze dla ka\u017cdego rodzaju obszaru i przedsi\u0119wzi\u0119cia, na potrzeby inwestycji liniowych (drogowych i kolejowych), jak i powierzchniowych.<\/li>\n\n\n\n<li>inwentaryzacje przyrodnicze zwi\u0105zane z przygotowaniem karty informacyjnej przedsi\u0119wzi\u0119cia, raportu o oddzia\u0142ywaniu na \u015brodowisko, prognozy oddzia\u0142ywania na \u015brodowisko.<\/li>\n\n\n\n<li>ekspertyzy przyrodnicze pod inwestycje zwi\u0105zane z powstaniem nowych obiekt\u00f3w oraz renowacj\u0105 lub konserwacj\u0105 ju\u017c istniej\u0105cych, kt\u00f3re wymagaj\u0105 nadzoru \u015brodowiskowego lub\/i oceny oddzia\u0142ywania danego przedsi\u0119wzi\u0119cia na \u015brodowisko wyst\u0119puj\u0105c\u0105 na terenie i w s\u0105siedztwie planowanego projektu<\/li>\n\n\n\n<li>waloryzacje przyrodnicze na terenach obj\u0119tych r\u00f3\u017cnych stopniem ochrony lub cennych przyrodniczo na terenie ca\u0142ego kraju<\/li>\n\n\n\n<li>nadz\u00f3r \u015brodowiskowy na ju\u017c realizowanych inwestycjach<\/li>\n\n\n\n<li>przygotowanie wyja\u015bnie\u0144 w&nbsp;przypadku pyta\u0144 ze&nbsp;strony Regionalnej Dyrekcji Ochrony \u015arodowiska <\/li>\n\n\n\n<li>udzia\u0142 w procesach konsultacji spo\u0142ecznych<\/li>\n\n\n\n<li>nadzory \u015brodowiskowe<\/li>\n\n\n\n<li>monitoringi po realizacyjne<\/li>\n\n\n\n<li>ekspertyzy limnologiczne<\/li>\n\n\n\n<li>badania hydrologiczne<\/li>\n\n\n\n<li>wsparcie w zakresie opracowa\u0144 GIS<\/li>\n\n\n\n<li>szkolenia w zakresie analiz GIS<\/li>\n<\/ul>\n\n\n\n<figure class=\"wp-block-gallery has-nested-images columns-default is-cropped wp-block-gallery-1 is-layout-flex wp-block-gallery-is-layout-flex\">\n<figure class=\"wp-block-image size-large\"><img loading=\"lazy\" decoding=\"async\" width=\"1024\" height=\"576\" data-id=\"56\" src=\"https:\/\/altereco.org.pl\/wp-content\/uploads\/2023\/12\/kontakt-1-1024x576.png\" alt=\"\" class=\"wp-image-56\" srcset=\"https:\/\/altereco.org.pl\/wp-content\/uploads\/2023\/12\/kontakt-1-1024x576.png 1024w, https:\/\/altereco.org.pl\/wp-content\/uploads\/2023\/12\/kontakt-1-300x169.png 300w, https:\/\/altereco.org.pl\/wp-content\/uploads\/2023\/12\/kontakt-1-768x432.png 768w, https:\/\/altereco.org.pl\/wp-content\/uploads\/2023\/12\/kontakt-1.png 1181w\" sizes=\"(max-width: 767px) 89vw, (max-width: 1000px) 54vw, (max-width: 1071px) 543px, 580px\" \/><\/figure>\n\n\n\n<figure class=\"wp-block-image size-large\"><img loading=\"lazy\" decoding=\"async\" width=\"1024\" height=\"768\" data-id=\"59\" src=\"https:\/\/altereco.org.pl\/wp-content\/uploads\/2023\/12\/35_nr-060-1024x768.jpg\" alt=\"\" class=\"wp-image-59\" srcset=\"https:\/\/altereco.org.pl\/wp-content\/uploads\/2023\/12\/35_nr-060-1024x768.jpg 1024w, https:\/\/altereco.org.pl\/wp-content\/uploads\/2023\/12\/35_nr-060-300x225.jpg 300w, https:\/\/altereco.org.pl\/wp-content\/uploads\/2023\/12\/35_nr-060-768x576.jpg 768w, https:\/\/altereco.org.pl\/wp-content\/uploads\/2023\/12\/35_nr-060-1536x1152.jpg 1536w, https:\/\/altereco.org.pl\/wp-content\/uploads\/2023\/12\/35_nr-060.jpg 2048w\" sizes=\"(max-width: 767px) 89vw, (max-width: 1000px) 54vw, (max-width: 1071px) 543px, 580px\" \/><\/figure>\n\n\n\n<figure class=\"wp-block-image size-large\"><img loading=\"lazy\" decoding=\"async\" width=\"1024\" height=\"768\" data-id=\"58\" src=\"https:\/\/altereco.org.pl\/wp-content\/uploads\/2023\/12\/35_nr-061-1024x768.jpg\" alt=\"\" class=\"wp-image-58\" srcset=\"https:\/\/altereco.org.pl\/wp-content\/uploads\/2023\/12\/35_nr-061-1024x768.jpg 1024w, https:\/\/altereco.org.pl\/wp-content\/uploads\/2023\/12\/35_nr-061-300x225.jpg 300w, https:\/\/altereco.org.pl\/wp-content\/uploads\/2023\/12\/35_nr-061-768x576.jpg 768w, https:\/\/altereco.org.pl\/wp-content\/uploads\/2023\/12\/35_nr-061-1536x1152.jpg 1536w, https:\/\/altereco.org.pl\/wp-content\/uploads\/2023\/12\/35_nr-061.jpg 2048w\" sizes=\"(max-width: 767px) 89vw, (max-width: 1000px) 54vw, (max-width: 1071px) 543px, 580px\" \/><\/figure>\n\n\n\n<figure class=\"wp-block-image size-large is-style-default\"><img loading=\"lazy\" decoding=\"async\" width=\"1024\" height=\"768\" data-id=\"57\" src=\"https:\/\/altereco.org.pl\/wp-content\/uploads\/2023\/12\/35_nr-062-1024x768.jpg\" alt=\"\" class=\"wp-image-57\" srcset=\"https:\/\/altereco.org.pl\/wp-content\/uploads\/2023\/12\/35_nr-062-1024x768.jpg 1024w, https:\/\/altereco.org.pl\/wp-content\/uploads\/2023\/12\/35_nr-062-300x225.jpg 300w, https:\/\/altereco.org.pl\/wp-content\/uploads\/2023\/12\/35_nr-062-768x576.jpg 768w, https:\/\/altereco.org.pl\/wp-content\/uploads\/2023\/12\/35_nr-062-1536x1152.jpg 1536w, https:\/\/altereco.org.pl\/wp-content\/uploads\/2023\/12\/35_nr-062.jpg 2048w\" sizes=\"(max-width: 767px) 89vw, (max-width: 1000px) 54vw, (max-width: 1071px) 543px, 580px\" \/><\/figure>\n<\/figure>\n","protected":false},"excerpt":{"rendered":"<p>Wykonujemy:<\/p>\n","protected":false},"author":1,"featured_media":46,"parent":0,"menu_order":0,"comment_status":"closed","ping_status":"closed","template":"","meta":{"footnotes":""},"_links":{"self":[{"href":"https:\/\/altereco.org.pl\/index.php?rest_route=\/wp\/v2\/pages\/11"}],"collection":[{"href":"https:\/\/altereco.org.pl\/index.php?rest_route=\/wp\/v2\/pages"}],"about":[{"href":"https:\/\/altereco.org.pl\/index.php?rest_route=\/wp\/v2\/types\/page"}],"author":[{"embeddable":true,"href":"https:\/\/altereco.org.pl\/index.php?rest_route=\/wp\/v2\/users\/1"}],"replies":[{"embeddable":true,"href":"https:\/\/altereco.org.pl\/index.php?rest_route=%2Fwp%2Fv2%2Fcomments&post=11"}],"version-history":[{"count":5,"href":"https:\/\/altereco.org.pl\/index.php?rest_route=\/wp\/v2\/pages\/11\/revisions"}],"predecessor-version":[{"id":64,"href":"https:\/\/altereco.org.pl\/index.php?rest_route=\/wp\/v2\/pages\/11\/revisions\/64"}],"wp:featuredmedia":[{"embeddable":true,"href":"https:\/\/altereco.org.pl\/index.php?rest_route=\/wp\/v2\/media\/46"}],"wp:attachment":[{"href":"https:\/\/altereco.org.pl\/index.php?rest_route=%2Fwp%2Fv2%2Fmedia&parent=11"}],"curies":[{"name":"wp","href":"https:\/\/api.w.org\/{rel}","templated":true}]}}