{"id":10,"date":"2023-12-28T21:50:25","date_gmt":"2023-12-28T21:50:25","guid":{"rendered":"https:\/\/altereco.org.pl\/?page_id=10"},"modified":"2023-12-29T14:40:35","modified_gmt":"2023-12-29T14:40:35","slug":"strona-glowna","status":"publish","type":"page","link":"https:\/\/altereco.org.pl\/","title":{"rendered":"O firmie"},"content":{"rendered":"\n<p>Firma <strong>AlterEco<\/strong> zosta\u0142a za\u0142o\u017cona w <strong>2010<\/strong> roku przez dw\u00f3jk\u0119 botanik\u00f3w, pracownik\u00f3w Wydzia\u0142u Biologii <strong>Uniwersytetu Gda\u0144skiego<\/strong>, dr hab. Joann\u0119 Mytnik i dr hab. Piotra Rutkowskiego. Od 2023 roku zesp\u00f3\u0142 tworz\u0105 <strong>dr hab. Piotr Rutkowski<\/strong> (Wydzia\u0142 Biologii UG) oraz <strong>dr Maciej Markowski<\/strong> (Pracownia GIS &#8211; Wydzia\u0142 Oceanografii i Geografii UG),<\/p>\n\n\n\n<p>Firma specjalizuje si\u0119 w inwentaryzacjach przyrodniczych zwi\u0105zanych z planowaniem i budow\u0105 inwestycji infrastrukturalnych, waloryzacjami faunistycznymi i florystycznymi, projektami zada\u0144 ochronnych, prognozami o oddzia\u0142ywaniu na poszczeg\u00f3lne elementy przyrody, raportami oddzia\u0142ywania na \u015brodowisko, monitoringiem przyrodniczym i innymi opracowaniami \u015brodowiskowymi zwi\u0105zanymi z szeroko poj\u0119tym procesem inwestycyjnym.\u00a0<\/p>\n\n\n\n<p>Nasza wiedza i fachowo\u015b\u0107 gwarantuj\u0105 Pa\u0144stwu rzetelne oraz terminowe wykonanie us\u0142ug zgodnie z aktualnie obowi\u0105zuj\u0105cym prawem oraz najnowszymi wytycznymi w dziedzinie ochrony przyrody. Jako nauczyciele akademiccy, a tak\u017ce biolodzy, posiadamy wieloletnie do\u015bwiadczenie, kt\u00f3re pozwala nam na wykonywanie profesjonalnych us\u0142ug na najwy\u017cszym poziomie. Gwarantujemy indywidualne podej\u015bcie do ka\u017cdego zlecenia i atrakcyjne ceny. Oferujemy nasze us\u0142ugi r\u00f3wnie\u017c innym firmom poszukuj\u0105cym profesjonalnych botanik\u00f3w. Do ka\u017cdego powierzonego nam zadania, dobieramy optymalny zesp\u00f3\u0142 kompetentnych os\u00f3b. Dzi\u0119ki wsp\u00f3\u0142pracy z wieloma specjalistami z takich dziedzin, jak lichenologia, fauna zwierz\u0105t bezkr\u0119gowych, ornitologia czy chiropterologia tworzymy zesp\u00f3\u0142 ludzi, kt\u00f3rzy podejmuj\u0105 si\u0119 r\u00f3\u017cnych wyzwa\u0144.<\/p>\n","protected":false},"excerpt":{"rendered":"<p>Firma AlterEco zosta\u0142a za\u0142o\u017cona w 2010 roku przez dw\u00f3jk\u0119 botanik\u00f3w, pracownik\u00f3w Wydzia\u0142u Biologii Uniwersytetu Gda\u0144skiego, dr hab. Joann\u0119 Mytnik i dr hab. Piotra Rutkowskiego. Od 2023 roku zesp\u00f3\u0142 tworz\u0105 dr hab. Piotr Rutkowski (Wydzia\u0142 Biologii UG) oraz dr Maciej Markowski (Pracownia GIS &#8211; Wydzia\u0142 Oceanografii i Geografii UG), Firma specjalizuje si\u0119 w inwentaryzacjach przyrodniczych zwi\u0105zanych &hellip; <\/p>\n<p class=\"link-more\"><a href=\"https:\/\/altereco.org.pl\/\" class=\"more-link\">Czytaj dalej<span class=\"screen-reader-text\"> \u201eO firmie\u201d<\/span><\/a><\/p>\n","protected":false},"author":1,"featured_media":0,"parent":0,"menu_order":0,"comment_status":"closed","ping_status":"closed","template":"","meta":{"footnotes":""},"_links":{"self":[{"href":"https:\/\/altereco.org.pl\/index.php?rest_route=\/wp\/v2\/pages\/10"}],"collection":[{"href":"https:\/\/altereco.org.pl\/index.php?rest_route=\/wp\/v2\/pages"}],"about":[{"href":"https:\/\/altereco.org.pl\/index.php?rest_route=\/wp\/v2\/types\/page"}],"author":[{"embeddable":true,"href":"https:\/\/altereco.org.pl\/index.php?rest_route=\/wp\/v2\/users\/1"}],"replies":[{"embeddable":true,"href":"https:\/\/altereco.org.pl\/index.php?rest_route=%2Fwp%2Fv2%2Fcomments&post=10"}],"version-history":[{"count":2,"href":"https:\/\/altereco.org.pl\/index.php?rest_route=\/wp\/v2\/pages\/10\/revisions"}],"predecessor-version":[{"id":37,"href":"https:\/\/altereco.org.pl\/index.php?rest_route=\/wp\/v2\/pages\/10\/revisions\/37"}],"wp:attachment":[{"href":"https:\/\/altereco.org.pl\/index.php?rest_route=%2Fwp%2Fv2%2Fmedia&parent=10"}],"curies":[{"name":"wp","href":"https:\/\/api.w.org\/{rel}","templated":true}]}}